{"id":175,"date":"2020-12-08T19:09:08","date_gmt":"2020-12-08T19:09:08","guid":{"rendered":"http:\/\/bikeparking.hu\/index.php\/mesmerize\/"},"modified":"2020-12-15T07:05:22","modified_gmt":"2020-12-15T07:05:22","slug":"mesmerize","status":"publish","type":"page","link":"https:\/\/bikeparking.hu\/","title":{"rendered":"Front Page"},"content":{"rendered":"<div id=\"about-1\" class=\"about-4 content-section content-section-spacing\" style=\"background-color: #f5fafd;\" data-label=\"About\" data-id=\"about--1\" data-export-id=\"about-4\" data-category=\"about\">\n<div class=\"gridContainer\">\n<div class=\"row middle-sm text-center\">\n<div class=\"col-sm-5 space-bottom-xs\" data-type=\"column\">\n<h5 class=\"\">B.P.S. Bemutat\u00f3<\/h5>\n<h2 class=\"\">MEGOLD\u00c1S A KER\u00c9KP\u00c1R T\u00c1ROL\u00c1S\u00c1RA<\/h2>\n<p class=\"\" style=\"text-align: left;\">A ker\u00e9kp\u00e1rosok sz\u00e1m\u00e1nak folyamatos n\u00f6veked\u00e9se, valamint a ker\u00e9kp\u00e1rok biztons\u00e1gos elhelyez\u00e9se\nkomoly feladat el\u00e9 \u00e1ll\u00edtja a v\u00e1rosok vezet\u0151it, hogy megfelel\u0151 parkol\u00f3helyet biztos\u00edtsanak a j\u00f6v\u0151\ngener\u00e1ci\u00f3 sz\u00e1m\u00e1ra.\nE probl\u00e9ma megold\u00e1s\u00e1ra a Bike Parking System a legkorszer\u0171bb technol\u00f3gi\u00e1t alkalmazva\nfejlesztette ki a BPS automatat\u00e1rol\u00f3 rendszer\u00e9t.<\/p>\n\n\n<\/div>\n<div class=\"col-sm-7 flexbox center-xs middle-xs image-group-2-img\"><img class=\"img-1 shadow-large\" title=\"cropped-closeup-casual-man-legs-riding-classic-bike-city-road_158595-4576-1.jpg\" src=\"http:\/\/bikeparking.hu\/wp-content\/uploads\/2020\/12\/cropped-closeup-casual-man-legs-riding-classic-bike-city-road_158595-4576-1.jpg\" alt=\"\" data-size=\"250x200\" \/> <img class=\"img-2 shadow-large\" title=\"K\u00e9perny\u0151k\u00e9p 2020-12-08 193931\" src=\"http:\/\/bikeparking.hu\/wp-content\/uploads\/2020\/12\/Kepernyokep-2020-12-08-193931.png\" alt=\"\" data-size=\"220x170\" \/><\/div>\n<\/div>\n<\/div>\n<\/div>\n<div id=\"about-2\" class=\"about-9 content-section content-section-spacing\" style=\"background-color: #ffffff;\" data-label=\"About\" data-id=\"about--2\" data-export-id=\"about-9\" data-category=\"about\">\n<div class=\"gridContainer\">\n<div class=\"row middle-sm text-center\">\n<div class=\"col-sm-5 space-bottom-xs content-column content-left-sm\" data-type=\"column\">\n<h2 class=\"\" style=\"text-align: left;\">EL\u0150NYEI A SZABADT\u00c9RI RENDSZERTELEN T\u00c1ROL\u00c1SSAL SZEMBEN:<\/h2>\n<p class=\"\">\n\u2013 Kis alapter\u00fcleten nagy darabsz\u00e1m t\u00e1rol\u00e1sa\n\u2013 A rendszer elhelyezhet\u0151 f\u00f6ld alatt, f\u00f6ldfelsz\u00edn\u00e9n, ill. megl\u00e9v\u0151 \u00e9p\u00fcletben\n\u2013 Kezel\u0151 szem\u00e9lyzetet nem ig\u00e9nyel\n\u2013 K\u00f6rnyezetbar\u00e1t technol\u00f3gia\n\u2013 A ker\u00e9kp\u00e1r v\u00e9dve van a b\u0171nelk\u00f6vet\u0151kkel szemben\n\u2013 Innovat\u00edv magyar fejleszt\u00e9s\n\u2013 Kivitelez\u00e9si id\u0151 3-6 h\u00f3nap (f\u00fcgg a ker\u00e9kp\u00e1r sz\u00e1mt\u00f3l \u00e9s az elhelyez\u00e9si m\u00f3dt\u00f3l)<\/p>\n\n\n<\/div>\n<div class=\"col-sm-7 flexbox flexbox middle-xs center-xs space-bottom-xs\">\n<div class=\"overlay-box flexbox middle-xs center-xs overlay-holder \">\n<div class=\"overlay-box-offset offset-background shadow-medium bg-color2\"><\/div>\n<a href=\"#\" target=\"_self\" rel=\"noopener noreferrer\" data-cp-link=\"1\"><img class=\"flexbox shadow-large img1\" src=\"http:\/\/bikeparking.hu\/wp-content\/uploads\/2020\/12\/cropped-Logo-jo-e1607417738523-1.png\" data-size=\"600x400\" \/><\/a>\n\n<\/div>\n<\/div>\n<\/div>\n<\/div>\n<\/div>","protected":false},"excerpt":{"rendered":"<p>B.P.S. Bemutat\u00f3 MEGOLD\u00c1S A KER\u00c9KP\u00c1R T\u00c1ROL\u00c1S\u00c1RA A ker\u00e9kp\u00e1rosok sz\u00e1m\u00e1nak folyamatos n\u00f6veked\u00e9se, valamint a ker\u00e9kp\u00e1rok biztons\u00e1gos elhelyez\u00e9se komoly feladat el\u00e9 \u00e1ll\u00edtja a v\u00e1rosok vezet\u0151it, hogy megfelel\u0151 parkol\u00f3helyet biztos\u00edtsanak a j\u00f6v\u0151 gener\u00e1ci\u00f3 sz\u00e1m\u00e1ra. E probl\u00e9ma megold\u00e1s\u00e1ra a Bike Parking System a legkorszer\u0171bb technol\u00f3gi\u00e1t alkalmazva fejlesztette ki a BPS automatat\u00e1rol\u00f3 rendszer\u00e9t. EL\u0150NYEI A SZABADT\u00c9RI RENDSZERTELEN T\u00c1ROL\u00c1SSAL SZEMBEN: \u2013&hellip; <br \/> <a class=\"read-more\" href=\"https:\/\/bikeparking.hu\/\">Read more<\/a><\/p>\n","protected":false},"author":1,"featured_media":0,"parent":0,"menu_order":0,"comment_status":"closed","ping_status":"closed","template":"page-templates\/homepage.php","meta":[],"_links":{"self":[{"href":"https:\/\/bikeparking.hu\/index.php\/wp-json\/wp\/v2\/pages\/175"}],"collection":[{"href":"https:\/\/bikeparking.hu\/index.php\/wp-json\/wp\/v2\/pages"}],"about":[{"href":"https:\/\/bikeparking.hu\/index.php\/wp-json\/wp\/v2\/types\/page"}],"author":[{"embeddable":true,"href":"https:\/\/bikeparking.hu\/index.php\/wp-json\/wp\/v2\/users\/1"}],"replies":[{"embeddable":true,"href":"https:\/\/bikeparking.hu\/index.php\/wp-json\/wp\/v2\/comments?post=175"}],"version-history":[{"count":11,"href":"https:\/\/bikeparking.hu\/index.php\/wp-json\/wp\/v2\/pages\/175\/revisions"}],"predecessor-version":[{"id":233,"href":"https:\/\/bikeparking.hu\/index.php\/wp-json\/wp\/v2\/pages\/175\/revisions\/233"}],"wp:attachment":[{"href":"https:\/\/bikeparking.hu\/index.php\/wp-json\/wp\/v2\/media?parent=175"}],"curies":[{"name":"wp","href":"https:\/\/api.w.org\/{rel}","templated":true}]}}